{"id":2463,"date":"2025-02-01T16:14:32","date_gmt":"2025-02-01T21:14:32","guid":{"rendered":"https:\/\/menthorclass.com\/?post_type=product&#038;p=2463"},"modified":"2025-02-01T16:14:32","modified_gmt":"2025-02-01T21:14:32","slug":"certificado-week-ingenia","status":"publish","type":"product","link":"https:\/\/menthorclass.com\/index.php\/product\/certificado-week-ingenia\/","title":{"rendered":"Certificado &#8211; Week Ingenia"},"content":{"rendered":"<p>Certificado de Participaci\u00f3n del Evento Week Ingenia &#8211; Estructuras, Hidrolog\u00eda e Hidr\u00e1ulica y Geotecnia<\/p>\n","protected":false},"excerpt":{"rendered":"<p>Certificado de Participaci\u00f3n del Evento Week Ingenia &#8211; Estructuras, Hidrolog\u00eda e Hidr\u00e1ulica y Geotecnia<\/p>\n","protected":false},"featured_media":2464,"comment_status":"open","ping_status":"closed","template":"","meta":{"_acf_changed":false,"site-sidebar-layout":"default","site-content-layout":"","ast-site-content-layout":"default","site-content-style":"default","site-sidebar-style":"default","ast-global-header-display":"","ast-banner-title-visibility":"","ast-main-header-display":"","ast-hfb-above-header-display":"","ast-hfb-below-header-display":"","ast-hfb-mobile-header-display":"","site-post-title":"","ast-breadcrumbs-content":"","ast-featured-img":"","footer-sml-layout":"","theme-transparent-header-meta":"default","adv-header-id-meta":"","stick-header-meta":"","header-above-stick-meta":"","header-main-stick-meta":"","header-below-stick-meta":"","astra-migrate-meta-layouts":"set","ast-page-background-enabled":"default","ast-page-background-meta":{"desktop":{"background-color":"var(--ast-global-color-4)","background-image":"","background-repeat":"repeat","background-position":"center center","background-size":"auto","background-attachment":"scroll","background-type":"","background-media":"","overlay-type":"","overlay-color":"","overlay-gradient":""},"tablet":{"background-color":"","background-image":"","background-repeat":"repeat","background-position":"center center","background-size":"auto","background-attachment":"scroll","background-type":"","background-media":"","overlay-type":"","overlay-color":"","overlay-gradient":""},"mobile":{"background-color":"","background-image":"","background-repeat":"repeat","background-position":"center center","background-size":"auto","background-attachment":"scroll","background-type":"","background-media":"","overlay-type":"","overlay-color":"","overlay-gradient":""}},"ast-content-background-meta":{"desktop":{"background-color":"var(--ast-global-color-5)","background-image":"","background-repeat":"repeat","background-position":"center center","background-size":"auto","background-attachment":"scroll","background-type":"","background-media":"","overlay-type":"","overlay-color":"","overlay-gradient":""},"tablet":{"background-color":"var(--ast-global-color-5)","background-image":"","background-repeat":"repeat","background-position":"center center","background-size":"auto","background-attachment":"scroll","background-type":"","background-media":"","overlay-type":"","overlay-color":"","overlay-gradient":""},"mobile":{"background-color":"var(--ast-global-color-5)","background-image":"","background-repeat":"repeat","background-position":"center center","background-size":"auto","background-attachment":"scroll","background-type":"","background-media":"","overlay-type":"","overlay-color":"","overlay-gradient":""}},"_joinchat":[]},"product_brand":[],"product_cat":[28,19,40],"product_tag":[],"class_list":{"0":"post-2463","1":"product","2":"type-product","3":"status-publish","4":"has-post-thumbnail","6":"product_cat-estructuras","7":"product_cat-geotecnia","8":"product_cat-hidrologia-e-hidraulica","9":"desktop-align-left","10":"tablet-align-left","11":"mobile-align-left","13":"first","14":"instock","15":"virtual","16":"sold-individually","17":"purchasable","18":"product-type-course"},"acf":[],"_links":{"self":[{"href":"https:\/\/menthorclass.com\/index.php\/wp-json\/wp\/v2\/product\/2463","targetHints":{"allow":["GET"]}}],"collection":[{"href":"https:\/\/menthorclass.com\/index.php\/wp-json\/wp\/v2\/product"}],"about":[{"href":"https:\/\/menthorclass.com\/index.php\/wp-json\/wp\/v2\/types\/product"}],"replies":[{"embeddable":true,"href":"https:\/\/menthorclass.com\/index.php\/wp-json\/wp\/v2\/comments?post=2463"}],"version-history":[{"count":1,"href":"https:\/\/menthorclass.com\/index.php\/wp-json\/wp\/v2\/product\/2463\/revisions"}],"predecessor-version":[{"id":2465,"href":"https:\/\/menthorclass.com\/index.php\/wp-json\/wp\/v2\/product\/2463\/revisions\/2465"}],"wp:featuredmedia":[{"embeddable":true,"href":"https:\/\/menthorclass.com\/index.php\/wp-json\/wp\/v2\/media\/2464"}],"wp:attachment":[{"href":"https:\/\/menthorclass.com\/index.php\/wp-json\/wp\/v2\/media?parent=2463"}],"wp:term":[{"taxonomy":"product_brand","embeddable":true,"href":"https:\/\/menthorclass.com\/index.php\/wp-json\/wp\/v2\/product_brand?post=2463"},{"taxonomy":"product_cat","embeddable":true,"href":"https:\/\/menthorclass.com\/index.php\/wp-json\/wp\/v2\/product_cat?post=2463"},{"taxonomy":"product_tag","embeddable":true,"href":"https:\/\/menthorclass.com\/index.php\/wp-json\/wp\/v2\/product_tag?post=2463"}],"curies":[{"name":"wp","href":"https:\/\/api.w.org\/{rel}","templated":true}]}}