{"id":2290,"date":"2025-01-05T23:58:44","date_gmt":"2025-01-06T04:58:44","guid":{"rendered":"https:\/\/menthorclass.com\/?post_type=product&#038;p=2290"},"modified":"2025-02-17T05:19:29","modified_gmt":"2025-02-17T10:19:29","slug":"python-aplicado-a-la-ingenieria-estructural-modulo-ii","status":"publish","type":"product","link":"https:\/\/menthorclass.com\/index.php\/product\/python-aplicado-a-la-ingenieria-estructural-modulo-ii\/","title":{"rendered":"Python Aplicado a la Ingenier\u00eda Estructural \u2013 M\u00f3dulo II"},"content":{"rendered":"<p>Este curso est\u00e1 dirigido a estudiantes y profesionales de la ingenier\u00eda civil principalmente del \u00e1rea estructural que deseen ampliar sus competencias en el uso de lenguajes de programaci\u00f3n para el an\u00e1lisis, modelado y automatizaci\u00f3n de procesos en ingenier\u00eda.<br \/>\nSe recomienda tener conocimientos b\u00e1sicos en an\u00e1lisis estructural, manejo de hojas de c\u00e1lculo y familiaridad con software de an\u00e1lisis estructural (como SAP2000 o ETABS).<\/p>\n<p>M\u00f3dulo 1: AN\u00c1LISIS ESTRUCTURAL CON PYTHON<\/p>\n<ul>\n<li>Anastruct:<br \/>\nReporte de Analisis estructural de un portico parametrico.<\/li>\n<li>Openseespy:<br \/>\nReporte de analisis modal de portico 2D parametrico.<br \/>\nReporte de Analisis estructural de un armadura.<\/li>\n<\/ul>\n<p>M\u00f3dulo 2: TKINTER: INTERFACES GRAFICAS DE USUARIO<\/p>\n<ul>\n<li>Analisis dinamico con Newmark para 1GDL<\/li>\n<li>Analisis estructural de un portico parametrico con Anastruct<\/li>\n<li>API de ETABS\/SAP2000:<br \/>\nInterfaz grafica para la lectura de fuerzas internas.<br \/>\nAutomatizacion de creacion de secciones.<\/li>\n<\/ul>\n<p><span style=\"font-size: 16px;\">M\u00f3dulo 3: APPS WEB<br \/>\n<\/span><\/p>\n<ul>\n<li><span style=\"font-size: 16px;\">Cacltree:<br \/>\nEspectro ASCE &#8211; Python.<br \/>\nDise\u00f1o a Torsion ACI 318 &#8211; Excel.<br \/>\n<\/span><\/li>\n<li>Streamlit:<br \/>\nConexi\u00f3n con Etabs\/SAP2000.<br \/>\nAnalisis S\u00edsmico modal espectral con Numpy.<\/li>\n<li>VIKTOR:<br \/>\nSectionProperties.<br \/>\nAnastruct.<br \/>\nConcreteProperties.<\/li>\n<\/ul>\n","protected":false},"excerpt":{"rendered":"<p>Este curso est\u00e1 dirigido a estudiantes y profesionales de la ingenier\u00eda civil principalmente del \u00e1rea estructural que deseen ampliar sus [&hellip;]<\/p>\n","protected":false},"featured_media":2418,"comment_status":"open","ping_status":"closed","template":"","meta":{"_acf_changed":false,"site-sidebar-layout":"default","site-content-layout":"","ast-site-content-layout":"default","site-content-style":"default","site-sidebar-style":"default","ast-global-header-display":"","ast-banner-title-visibility":"","ast-main-header-display":"","ast-hfb-above-header-display":"","ast-hfb-below-header-display":"","ast-hfb-mobile-header-display":"","site-post-title":"","ast-breadcrumbs-content":"","ast-featured-img":"","footer-sml-layout":"","theme-transparent-header-meta":"default","adv-header-id-meta":"","stick-header-meta":"","header-above-stick-meta":"","header-main-stick-meta":"","header-below-stick-meta":"","astra-migrate-meta-layouts":"set","ast-page-background-enabled":"default","ast-page-background-meta":{"desktop":{"background-color":"var(--ast-global-color-4)","background-image":"","background-repeat":"repeat","background-position":"center center","background-size":"auto","background-attachment":"scroll","background-type":"","background-media":"","overlay-type":"","overlay-color":"","overlay-gradient":""},"tablet":{"background-color":"","background-image":"","background-repeat":"repeat","background-position":"center center","background-size":"auto","background-attachment":"scroll","background-type":"","background-media":"","overlay-type":"","overlay-color":"","overlay-gradient":""},"mobile":{"background-color":"","background-image":"","background-repeat":"repeat","background-position":"center center","background-size":"auto","background-attachment":"scroll","background-type":"","background-media":"","overlay-type":"","overlay-color":"","overlay-gradient":""}},"ast-content-background-meta":{"desktop":{"background-color":"var(--ast-global-color-5)","background-image":"","background-repeat":"repeat","background-position":"center center","background-size":"auto","background-attachment":"scroll","background-type":"","background-media":"","overlay-type":"","overlay-color":"","overlay-gradient":""},"tablet":{"background-color":"var(--ast-global-color-5)","background-image":"","background-repeat":"repeat","background-position":"center center","background-size":"auto","background-attachment":"scroll","background-type":"","background-media":"","overlay-type":"","overlay-color":"","overlay-gradient":""},"mobile":{"background-color":"var(--ast-global-color-5)","background-image":"","background-repeat":"repeat","background-position":"center center","background-size":"auto","background-attachment":"scroll","background-type":"","background-media":"","overlay-type":"","overlay-color":"","overlay-gradient":""}},"_joinchat":[]},"product_brand":[],"product_cat":[28],"product_tag":[],"class_list":{"0":"post-2290","1":"product","2":"type-product","3":"status-publish","4":"has-post-thumbnail","6":"product_cat-estructuras","7":"desktop-align-left","8":"tablet-align-left","9":"mobile-align-left","11":"first","12":"instock","13":"virtual","14":"sold-individually","15":"purchasable","16":"product-type-course"},"acf":[],"_links":{"self":[{"href":"https:\/\/menthorclass.com\/index.php\/wp-json\/wp\/v2\/product\/2290","targetHints":{"allow":["GET"]}}],"collection":[{"href":"https:\/\/menthorclass.com\/index.php\/wp-json\/wp\/v2\/product"}],"about":[{"href":"https:\/\/menthorclass.com\/index.php\/wp-json\/wp\/v2\/types\/product"}],"replies":[{"embeddable":true,"href":"https:\/\/menthorclass.com\/index.php\/wp-json\/wp\/v2\/comments?post=2290"}],"version-history":[{"count":7,"href":"https:\/\/menthorclass.com\/index.php\/wp-json\/wp\/v2\/product\/2290\/revisions"}],"predecessor-version":[{"id":2537,"href":"https:\/\/menthorclass.com\/index.php\/wp-json\/wp\/v2\/product\/2290\/revisions\/2537"}],"wp:featuredmedia":[{"embeddable":true,"href":"https:\/\/menthorclass.com\/index.php\/wp-json\/wp\/v2\/media\/2418"}],"wp:attachment":[{"href":"https:\/\/menthorclass.com\/index.php\/wp-json\/wp\/v2\/media?parent=2290"}],"wp:term":[{"taxonomy":"product_brand","embeddable":true,"href":"https:\/\/menthorclass.com\/index.php\/wp-json\/wp\/v2\/product_brand?post=2290"},{"taxonomy":"product_cat","embeddable":true,"href":"https:\/\/menthorclass.com\/index.php\/wp-json\/wp\/v2\/product_cat?post=2290"},{"taxonomy":"product_tag","embeddable":true,"href":"https:\/\/menthorclass.com\/index.php\/wp-json\/wp\/v2\/product_tag?post=2290"}],"curies":[{"name":"wp","href":"https:\/\/api.w.org\/{rel}","templated":true}]}}