{"id":1581,"date":"2024-08-05T08:45:58","date_gmt":"2024-08-05T13:45:58","guid":{"rendered":"https:\/\/menthorclass.com\/?post_type=product&#038;p=1581"},"modified":"2025-02-18T18:56:35","modified_gmt":"2025-02-18T23:56:35","slug":"python-aplicado-a-la-ingenieria-geotecnica-2da-edicion","status":"publish","type":"product","link":"https:\/\/menthorclass.com\/index.php\/product\/python-aplicado-a-la-ingenieria-geotecnica-2da-edicion\/","title":{"rendered":"Python Aplicado a la Ingenier\u00eda Geot\u00e9cnica &#8211; 2da Edici\u00f3n (Aplicaciones web)"},"content":{"rendered":"<p>Dirigido a estudiantes y egresados de ingenier\u00eda civil, ingenier\u00eda de minas o carreras afines, quienes deseen profundizar en el uso de lenguajes de programaci\u00f3n en el sector geot\u00e9cnico, mediante el desarrollo de c\u00f3digos Python para la automatizaci\u00f3n de procedimientos clave, desarrollo de aplicaciones de escritorio\u00a0 aplicaciones web.<\/p>\n","protected":false},"excerpt":{"rendered":"<p>Dirigido a estudiantes y egresados de ingenier\u00eda civil, ingenier\u00eda\u00a0de minas o carreras afines, quienes deseen profundizar en el\u00a0uso de lenguajes de programaci\u00f3n en el sector geot\u00e9cnico,\u00a0mediante el desarrollo de c\u00f3digos Python para la\u00a0automatizaci\u00f3n de procedimientos clave<\/p>\n","protected":false},"featured_media":2424,"comment_status":"open","ping_status":"closed","template":"","meta":{"_acf_changed":false,"site-sidebar-layout":"default","site-content-layout":"","ast-site-content-layout":"default","site-content-style":"default","site-sidebar-style":"default","ast-global-header-display":"","ast-banner-title-visibility":"","ast-main-header-display":"","ast-hfb-above-header-display":"","ast-hfb-below-header-display":"","ast-hfb-mobile-header-display":"","site-post-title":"","ast-breadcrumbs-content":"","ast-featured-img":"","footer-sml-layout":"","theme-transparent-header-meta":"default","adv-header-id-meta":"","stick-header-meta":"","header-above-stick-meta":"","header-main-stick-meta":"","header-below-stick-meta":"","astra-migrate-meta-layouts":"set","ast-page-background-enabled":"default","ast-page-background-meta":{"desktop":{"background-color":"var(--ast-global-color-4)","background-image":"","background-repeat":"repeat","background-position":"center center","background-size":"auto","background-attachment":"scroll","background-type":"","background-media":"","overlay-type":"","overlay-color":"","overlay-gradient":""},"tablet":{"background-color":"","background-image":"","background-repeat":"repeat","background-position":"center center","background-size":"auto","background-attachment":"scroll","background-type":"","background-media":"","overlay-type":"","overlay-color":"","overlay-gradient":""},"mobile":{"background-color":"","background-image":"","background-repeat":"repeat","background-position":"center center","background-size":"auto","background-attachment":"scroll","background-type":"","background-media":"","overlay-type":"","overlay-color":"","overlay-gradient":""}},"ast-content-background-meta":{"desktop":{"background-color":"var(--ast-global-color-5)","background-image":"","background-repeat":"repeat","background-position":"center center","background-size":"auto","background-attachment":"scroll","background-type":"","background-media":"","overlay-type":"","overlay-color":"","overlay-gradient":""},"tablet":{"background-color":"var(--ast-global-color-5)","background-image":"","background-repeat":"repeat","background-position":"center center","background-size":"auto","background-attachment":"scroll","background-type":"","background-media":"","overlay-type":"","overlay-color":"","overlay-gradient":""},"mobile":{"background-color":"var(--ast-global-color-5)","background-image":"","background-repeat":"repeat","background-position":"center center","background-size":"auto","background-attachment":"scroll","background-type":"","background-media":"","overlay-type":"","overlay-color":"","overlay-gradient":""}},"_joinchat":[]},"product_brand":[],"product_cat":[19,31,20],"product_tag":[],"class_list":{"0":"post-1581","1":"product","2":"type-product","3":"status-publish","4":"has-post-thumbnail","6":"product_cat-geotecnia","7":"product_cat-humberto-rojas-huaroto","8":"product_cat-online","9":"desktop-align-left","10":"tablet-align-left","11":"mobile-align-left","13":"first","14":"instock","15":"virtual","16":"sold-individually","17":"purchasable","18":"product-type-course"},"acf":[],"_links":{"self":[{"href":"https:\/\/menthorclass.com\/index.php\/wp-json\/wp\/v2\/product\/1581","targetHints":{"allow":["GET"]}}],"collection":[{"href":"https:\/\/menthorclass.com\/index.php\/wp-json\/wp\/v2\/product"}],"about":[{"href":"https:\/\/menthorclass.com\/index.php\/wp-json\/wp\/v2\/types\/product"}],"replies":[{"embeddable":true,"href":"https:\/\/menthorclass.com\/index.php\/wp-json\/wp\/v2\/comments?post=1581"}],"version-history":[{"count":11,"href":"https:\/\/menthorclass.com\/index.php\/wp-json\/wp\/v2\/product\/1581\/revisions"}],"predecessor-version":[{"id":2371,"href":"https:\/\/menthorclass.com\/index.php\/wp-json\/wp\/v2\/product\/1581\/revisions\/2371"}],"wp:featuredmedia":[{"embeddable":true,"href":"https:\/\/menthorclass.com\/index.php\/wp-json\/wp\/v2\/media\/2424"}],"wp:attachment":[{"href":"https:\/\/menthorclass.com\/index.php\/wp-json\/wp\/v2\/media?parent=1581"}],"wp:term":[{"taxonomy":"product_brand","embeddable":true,"href":"https:\/\/menthorclass.com\/index.php\/wp-json\/wp\/v2\/product_brand?post=1581"},{"taxonomy":"product_cat","embeddable":true,"href":"https:\/\/menthorclass.com\/index.php\/wp-json\/wp\/v2\/product_cat?post=1581"},{"taxonomy":"product_tag","embeddable":true,"href":"https:\/\/menthorclass.com\/index.php\/wp-json\/wp\/v2\/product_tag?post=1581"}],"curies":[{"name":"wp","href":"https:\/\/api.w.org\/{rel}","templated":true}]}}