{"id":1301,"date":"2024-06-01T21:44:38","date_gmt":"2024-06-02T02:44:38","guid":{"rendered":"https:\/\/menthorclass.com\/?post_type=product&#038;p=1301"},"modified":"2025-03-11T14:26:34","modified_gmt":"2025-03-11T19:26:34","slug":"programando-el-ensayo-cptu","status":"publish","type":"product","link":"https:\/\/menthorclass.com\/index.php\/product\/programando-el-ensayo-cptu\/","title":{"rendered":"Automatizaci\u00f3n del ensayo CPTu con Python"},"content":{"rendered":"<p>Dirigido a estudiantes y egresados de ingenier\u00eda civil, ingenier\u00eda de minas o carreras afines, quienes deseen repasar conceptos te\u00f3ricos sobre el ensayo CPTu, m\u00e9todos de procesamiento y su respectiva automatizaci\u00f3n en Python.<\/p>\n","protected":false},"excerpt":{"rendered":"<p>Dirigido a estudiantes y egresados de ingenier\u00eda civil, ingenier\u00eda de minas o carreras afines, quienes deseen repasar conceptos te\u00f3ricos sobre el ensayo CPTu, m\u00e9todos de procesamiento y su respectiva automatizaci\u00f3n en Python.<\/p>\n","protected":false},"featured_media":2426,"comment_status":"open","ping_status":"closed","template":"","meta":{"_acf_changed":false,"site-sidebar-layout":"default","site-content-layout":"","ast-site-content-layout":"default","site-content-style":"default","site-sidebar-style":"default","ast-global-header-display":"","ast-banner-title-visibility":"","ast-main-header-display":"","ast-hfb-above-header-display":"","ast-hfb-below-header-display":"","ast-hfb-mobile-header-display":"","site-post-title":"","ast-breadcrumbs-content":"","ast-featured-img":"","footer-sml-layout":"","theme-transparent-header-meta":"default","adv-header-id-meta":"","stick-header-meta":"","header-above-stick-meta":"","header-main-stick-meta":"","header-below-stick-meta":"","astra-migrate-meta-layouts":"set","ast-page-background-enabled":"default","ast-page-background-meta":{"desktop":{"background-color":"var(--ast-global-color-4)","background-image":"","background-repeat":"repeat","background-position":"center center","background-size":"auto","background-attachment":"scroll","background-type":"","background-media":"","overlay-type":"","overlay-color":"","overlay-gradient":""},"tablet":{"background-color":"","background-image":"","background-repeat":"repeat","background-position":"center center","background-size":"auto","background-attachment":"scroll","background-type":"","background-media":"","overlay-type":"","overlay-color":"","overlay-gradient":""},"mobile":{"background-color":"","background-image":"","background-repeat":"repeat","background-position":"center center","background-size":"auto","background-attachment":"scroll","background-type":"","background-media":"","overlay-type":"","overlay-color":"","overlay-gradient":""}},"ast-content-background-meta":{"desktop":{"background-color":"var(--ast-global-color-5)","background-image":"","background-repeat":"repeat","background-position":"center center","background-size":"auto","background-attachment":"scroll","background-type":"","background-media":"","overlay-type":"","overlay-color":"","overlay-gradient":""},"tablet":{"background-color":"var(--ast-global-color-5)","background-image":"","background-repeat":"repeat","background-position":"center center","background-size":"auto","background-attachment":"scroll","background-type":"","background-media":"","overlay-type":"","overlay-color":"","overlay-gradient":""},"mobile":{"background-color":"var(--ast-global-color-5)","background-image":"","background-repeat":"repeat","background-position":"center center","background-size":"auto","background-attachment":"scroll","background-type":"","background-media":"","overlay-type":"","overlay-color":"","overlay-gradient":""}},"_joinchat":[]},"product_brand":[],"product_cat":[19,31,20],"product_tag":[],"class_list":{"0":"post-1301","1":"product","2":"type-product","3":"status-publish","4":"has-post-thumbnail","6":"product_cat-geotecnia","7":"product_cat-humberto-rojas-huaroto","8":"product_cat-online","9":"desktop-align-left","10":"tablet-align-left","11":"mobile-align-left","13":"first","14":"instock","15":"virtual","16":"sold-individually","17":"purchasable","18":"product-type-course"},"acf":[],"_links":{"self":[{"href":"https:\/\/menthorclass.com\/index.php\/wp-json\/wp\/v2\/product\/1301","targetHints":{"allow":["GET"]}}],"collection":[{"href":"https:\/\/menthorclass.com\/index.php\/wp-json\/wp\/v2\/product"}],"about":[{"href":"https:\/\/menthorclass.com\/index.php\/wp-json\/wp\/v2\/types\/product"}],"replies":[{"embeddable":true,"href":"https:\/\/menthorclass.com\/index.php\/wp-json\/wp\/v2\/comments?post=1301"}],"version-history":[{"count":3,"href":"https:\/\/menthorclass.com\/index.php\/wp-json\/wp\/v2\/product\/1301\/revisions"}],"predecessor-version":[{"id":2428,"href":"https:\/\/menthorclass.com\/index.php\/wp-json\/wp\/v2\/product\/1301\/revisions\/2428"}],"wp:featuredmedia":[{"embeddable":true,"href":"https:\/\/menthorclass.com\/index.php\/wp-json\/wp\/v2\/media\/2426"}],"wp:attachment":[{"href":"https:\/\/menthorclass.com\/index.php\/wp-json\/wp\/v2\/media?parent=1301"}],"wp:term":[{"taxonomy":"product_brand","embeddable":true,"href":"https:\/\/menthorclass.com\/index.php\/wp-json\/wp\/v2\/product_brand?post=1301"},{"taxonomy":"product_cat","embeddable":true,"href":"https:\/\/menthorclass.com\/index.php\/wp-json\/wp\/v2\/product_cat?post=1301"},{"taxonomy":"product_tag","embeddable":true,"href":"https:\/\/menthorclass.com\/index.php\/wp-json\/wp\/v2\/product_tag?post=1301"}],"curies":[{"name":"wp","href":"https:\/\/api.w.org\/{rel}","templated":true}]}}