{"id":1160,"date":"2024-05-20T06:40:20","date_gmt":"2024-05-20T11:40:20","guid":{"rendered":"https:\/\/menthorclass.com\/?post_type=product&#038;p=1160"},"modified":"2025-01-27T01:04:25","modified_gmt":"2025-01-27T06:04:25","slug":"python-aplicado-a-la-ingenieria-estructural","status":"publish","type":"product","link":"https:\/\/menthorclass.com\/index.php\/product\/python-aplicado-a-la-ingenieria-estructural\/","title":{"rendered":"Python Aplicado a la Ingenier\u00eda Estructural"},"content":{"rendered":"<p>Conoce el entorno de desarrollo de Jupyter Notebook para registrar y ejecutar c\u00f3digo, visualizar resultados y describir tu flujo de trabajo a\u00f1adiendo t\u00edtulos, subt\u00edtulos, f\u00f3rmulas en formato Latex, im\u00e1genes, videos,gifs, enlaces, citas, etc.<\/p>\n<p>Conoce las librer\u00edas m\u00e1s usadas en la Ingenier\u00eda estructural para desarrollar los trabajos m\u00e1s innovadores. Explora todo lo que puede<br \/>\nofrecer las librer\u00edas de Python para la visualizaci\u00f3n de resultados, manejo de datos, generaci\u00f3n de reportes, c\u00e1lculos matem\u00e1ticos avanzados, conexi\u00f3n.<\/p>\n<p>Al culminar el curso el estudiante tendr\u00e1 conocimiento general de los usos y aplicaciones de las librer\u00edas de Python m\u00e1s usadas en la ingenier\u00eda estructural. Los participantes adquirir\u00e1n conocimientos pr\u00e1cticos y te\u00f3ricos necesarios para desarrollar gr\u00e1ficos automatizados y complejos, realizar un cuaderno Jupyter en donde podr\u00e1 describir el script de Python con texto, im\u00e1genes y animaciones de manera ordenada, conectarte con MS Excel y MS Word para crear reportes autom\u00e1ticos con Python, realizar el an\u00e1lisis<br \/>\nestructural con librer\u00edas de Python y conocer diversos proyectos de automatizaci\u00f3n y parametrizaci\u00f3n en la ingenier\u00eda estructural con Python.<\/p>\n","protected":false},"excerpt":{"rendered":"<p>Conoce el entorno de desarrollo de Jupyter Notebook para registrar y ejecutar c\u00f3digo, visualizar resultados y describir tu flujo de [&hellip;]<\/p>\n","protected":false},"featured_media":1878,"comment_status":"open","ping_status":"closed","template":"","meta":{"_acf_changed":false,"site-sidebar-layout":"default","site-content-layout":"","ast-site-content-layout":"default","site-content-style":"default","site-sidebar-style":"default","ast-global-header-display":"","ast-banner-title-visibility":"","ast-main-header-display":"","ast-hfb-above-header-display":"","ast-hfb-below-header-display":"","ast-hfb-mobile-header-display":"","site-post-title":"","ast-breadcrumbs-content":"","ast-featured-img":"","footer-sml-layout":"","theme-transparent-header-meta":"default","adv-header-id-meta":"","stick-header-meta":"","header-above-stick-meta":"","header-main-stick-meta":"","header-below-stick-meta":"","astra-migrate-meta-layouts":"set","ast-page-background-enabled":"default","ast-page-background-meta":{"desktop":{"background-color":"var(--ast-global-color-4)","background-image":"","background-repeat":"repeat","background-position":"center center","background-size":"auto","background-attachment":"scroll","background-type":"","background-media":"","overlay-type":"","overlay-color":"","overlay-gradient":""},"tablet":{"background-color":"","background-image":"","background-repeat":"repeat","background-position":"center center","background-size":"auto","background-attachment":"scroll","background-type":"","background-media":"","overlay-type":"","overlay-color":"","overlay-gradient":""},"mobile":{"background-color":"","background-image":"","background-repeat":"repeat","background-position":"center center","background-size":"auto","background-attachment":"scroll","background-type":"","background-media":"","overlay-type":"","overlay-color":"","overlay-gradient":""}},"ast-content-background-meta":{"desktop":{"background-color":"var(--ast-global-color-5)","background-image":"","background-repeat":"repeat","background-position":"center center","background-size":"auto","background-attachment":"scroll","background-type":"","background-media":"","overlay-type":"","overlay-color":"","overlay-gradient":""},"tablet":{"background-color":"var(--ast-global-color-5)","background-image":"","background-repeat":"repeat","background-position":"center center","background-size":"auto","background-attachment":"scroll","background-type":"","background-media":"","overlay-type":"","overlay-color":"","overlay-gradient":""},"mobile":{"background-color":"var(--ast-global-color-5)","background-image":"","background-repeat":"repeat","background-position":"center center","background-size":"auto","background-attachment":"scroll","background-type":"","background-media":"","overlay-type":"","overlay-color":"","overlay-gradient":""}},"_joinchat":[]},"product_brand":[],"product_cat":[28],"product_tag":[],"class_list":{"0":"post-1160","1":"product","2":"type-product","3":"status-publish","4":"has-post-thumbnail","6":"product_cat-estructuras","7":"desktop-align-left","8":"tablet-align-left","9":"mobile-align-left","11":"first","12":"instock","13":"sale","14":"virtual","15":"sold-individually","16":"purchasable","17":"product-type-course"},"acf":[],"_links":{"self":[{"href":"https:\/\/menthorclass.com\/index.php\/wp-json\/wp\/v2\/product\/1160","targetHints":{"allow":["GET"]}}],"collection":[{"href":"https:\/\/menthorclass.com\/index.php\/wp-json\/wp\/v2\/product"}],"about":[{"href":"https:\/\/menthorclass.com\/index.php\/wp-json\/wp\/v2\/types\/product"}],"replies":[{"embeddable":true,"href":"https:\/\/menthorclass.com\/index.php\/wp-json\/wp\/v2\/comments?post=1160"}],"version-history":[{"count":1,"href":"https:\/\/menthorclass.com\/index.php\/wp-json\/wp\/v2\/product\/1160\/revisions"}],"predecessor-version":[{"id":1455,"href":"https:\/\/menthorclass.com\/index.php\/wp-json\/wp\/v2\/product\/1160\/revisions\/1455"}],"wp:featuredmedia":[{"embeddable":true,"href":"https:\/\/menthorclass.com\/index.php\/wp-json\/wp\/v2\/media\/1878"}],"wp:attachment":[{"href":"https:\/\/menthorclass.com\/index.php\/wp-json\/wp\/v2\/media?parent=1160"}],"wp:term":[{"taxonomy":"product_brand","embeddable":true,"href":"https:\/\/menthorclass.com\/index.php\/wp-json\/wp\/v2\/product_brand?post=1160"},{"taxonomy":"product_cat","embeddable":true,"href":"https:\/\/menthorclass.com\/index.php\/wp-json\/wp\/v2\/product_cat?post=1160"},{"taxonomy":"product_tag","embeddable":true,"href":"https:\/\/menthorclass.com\/index.php\/wp-json\/wp\/v2\/product_tag?post=1160"}],"curies":[{"name":"wp","href":"https:\/\/api.w.org\/{rel}","templated":true}]}}