{"id":1056,"date":"2024-05-19T19:45:39","date_gmt":"2024-05-20T00:45:39","guid":{"rendered":"https:\/\/menthorclass.com\/?post_type=product&#038;p=1056"},"modified":"2025-01-27T01:04:31","modified_gmt":"2025-01-27T06:04:31","slug":"automatizacion-del-analisis-sismico-y-diseno-estructural","status":"publish","type":"product","link":"https:\/\/menthorclass.com\/index.php\/product\/automatizacion-del-analisis-sismico-y-diseno-estructural\/","title":{"rendered":"AUTOMATIZACI\u00d3N DEL AN\u00c1LISIS S\u00cdSMICO Y DISE\u00d1O ESTRUCTURAL"},"content":{"rendered":"<p>En este curso pr\u00e1ctico aprender\u00e1s a utilizar la API de ETABS y se te guiar\u00e1 paso a paso a desarrollar c\u00f3digo Python para la automatizaci\u00f3n del ingreso y la extracci\u00f3n de datos asi como la generaci\u00f3n de reportes en Word. Ademas conocer\u00e1s otras aplicaciones de Python en la Ingenier\u00eda Estructural realizadas por el docente.<\/p>\n<p>Con este curso podr\u00e1s agilizar el proceso de An\u00e1lisis S\u00edsmico y Dise\u00f1o Estructural, automatizar procesos repetitivos de manera eficiente, optimizando el tiempo y mejorando la eficiencia de tus proyectos de Ingenier\u00eda Estructural.<\/p>\n","protected":false},"excerpt":{"rendered":"<p>En este curso pr\u00e1ctico aprender\u00e1s a utilizar la API de ETABS y se te guiar\u00e1 paso a paso a desarrollar [&hellip;]<\/p>\n","protected":false},"featured_media":1879,"comment_status":"open","ping_status":"closed","template":"","meta":{"_acf_changed":false,"site-sidebar-layout":"default","site-content-layout":"","ast-site-content-layout":"default","site-content-style":"default","site-sidebar-style":"default","ast-global-header-display":"","ast-banner-title-visibility":"","ast-main-header-display":"","ast-hfb-above-header-display":"","ast-hfb-below-header-display":"","ast-hfb-mobile-header-display":"","site-post-title":"","ast-breadcrumbs-content":"","ast-featured-img":"","footer-sml-layout":"","theme-transparent-header-meta":"default","adv-header-id-meta":"","stick-header-meta":"","header-above-stick-meta":"","header-main-stick-meta":"","header-below-stick-meta":"","astra-migrate-meta-layouts":"set","ast-page-background-enabled":"default","ast-page-background-meta":{"desktop":{"background-color":"var(--ast-global-color-4)","background-image":"","background-repeat":"repeat","background-position":"center center","background-size":"auto","background-attachment":"scroll","background-type":"","background-media":"","overlay-type":"","overlay-color":"","overlay-gradient":""},"tablet":{"background-color":"","background-image":"","background-repeat":"repeat","background-position":"center center","background-size":"auto","background-attachment":"scroll","background-type":"","background-media":"","overlay-type":"","overlay-color":"","overlay-gradient":""},"mobile":{"background-color":"","background-image":"","background-repeat":"repeat","background-position":"center center","background-size":"auto","background-attachment":"scroll","background-type":"","background-media":"","overlay-type":"","overlay-color":"","overlay-gradient":""}},"ast-content-background-meta":{"desktop":{"background-color":"var(--ast-global-color-5)","background-image":"","background-repeat":"repeat","background-position":"center center","background-size":"auto","background-attachment":"scroll","background-type":"","background-media":"","overlay-type":"","overlay-color":"","overlay-gradient":""},"tablet":{"background-color":"var(--ast-global-color-5)","background-image":"","background-repeat":"repeat","background-position":"center center","background-size":"auto","background-attachment":"scroll","background-type":"","background-media":"","overlay-type":"","overlay-color":"","overlay-gradient":""},"mobile":{"background-color":"var(--ast-global-color-5)","background-image":"","background-repeat":"repeat","background-position":"center center","background-size":"auto","background-attachment":"scroll","background-type":"","background-media":"","overlay-type":"","overlay-color":"","overlay-gradient":""}},"_joinchat":[]},"product_brand":[],"product_cat":[28],"product_tag":[],"class_list":{"0":"post-1056","1":"product","2":"type-product","3":"status-publish","4":"has-post-thumbnail","6":"product_cat-estructuras","7":"desktop-align-left","8":"tablet-align-left","9":"mobile-align-left","11":"first","12":"instock","13":"sale","14":"virtual","15":"sold-individually","16":"purchasable","17":"product-type-course"},"acf":[],"_links":{"self":[{"href":"https:\/\/menthorclass.com\/index.php\/wp-json\/wp\/v2\/product\/1056","targetHints":{"allow":["GET"]}}],"collection":[{"href":"https:\/\/menthorclass.com\/index.php\/wp-json\/wp\/v2\/product"}],"about":[{"href":"https:\/\/menthorclass.com\/index.php\/wp-json\/wp\/v2\/types\/product"}],"replies":[{"embeddable":true,"href":"https:\/\/menthorclass.com\/index.php\/wp-json\/wp\/v2\/comments?post=1056"}],"version-history":[{"count":1,"href":"https:\/\/menthorclass.com\/index.php\/wp-json\/wp\/v2\/product\/1056\/revisions"}],"predecessor-version":[{"id":1461,"href":"https:\/\/menthorclass.com\/index.php\/wp-json\/wp\/v2\/product\/1056\/revisions\/1461"}],"wp:featuredmedia":[{"embeddable":true,"href":"https:\/\/menthorclass.com\/index.php\/wp-json\/wp\/v2\/media\/1879"}],"wp:attachment":[{"href":"https:\/\/menthorclass.com\/index.php\/wp-json\/wp\/v2\/media?parent=1056"}],"wp:term":[{"taxonomy":"product_brand","embeddable":true,"href":"https:\/\/menthorclass.com\/index.php\/wp-json\/wp\/v2\/product_brand?post=1056"},{"taxonomy":"product_cat","embeddable":true,"href":"https:\/\/menthorclass.com\/index.php\/wp-json\/wp\/v2\/product_cat?post=1056"},{"taxonomy":"product_tag","embeddable":true,"href":"https:\/\/menthorclass.com\/index.php\/wp-json\/wp\/v2\/product_tag?post=1056"}],"curies":[{"name":"wp","href":"https:\/\/api.w.org\/{rel}","templated":true}]}}