{"id":126,"date":"2024-02-01T04:25:52","date_gmt":"2024-02-01T04:25:52","guid":{"rendered":"https:\/\/menthorclass.com\/?page_id=126"},"modified":"2025-02-17T05:24:55","modified_gmt":"2025-02-17T10:24:55","slug":"home","status":"publish","type":"page","link":"https:\/\/menthorclass.com\/","title":{"rendered":"Home"},"content":{"rendered":"\t\t<div data-elementor-type=\"wp-page\" data-elementor-id=\"126\" class=\"elementor elementor-126\" data-elementor-post-type=\"page\">\n\t\t\t\t<div class=\"elementor-element elementor-element-b3880d8 e-flex e-con-boxed e-con e-parent\" data-id=\"b3880d8\" data-element_type=\"container\" data-e-type=\"container\">\n\t\t\t\t\t<div class=\"e-con-inner\">\n\t\t\t\t<div class=\"elementor-element elementor-element-ca815d8 elementor-widget elementor-widget-heading\" data-id=\"ca815d8\" data-element_type=\"widget\" data-e-type=\"widget\" data-widget_type=\"heading.default\">\n\t\t\t\t<div class=\"elementor-widget-container\">\n\t\t\t\t\t<h2 class=\"elementor-heading-title elementor-size-default\">Aprovecha los descuentos de preventa<\/h2>\t\t\t\t<\/div>\n\t\t\t\t<\/div>\n\t\t\t\t<div class=\"elementor-element elementor-element-087d8fa elementor-countdown--label-block elementor-widget elementor-widget-countdown\" data-id=\"087d8fa\" data-element_type=\"widget\" data-e-type=\"widget\" data-settings=\"{&quot;motion_fx_motion_fx_mouse&quot;:&quot;yes&quot;,&quot;motion_fx_tilt_effect&quot;:&quot;yes&quot;,&quot;motion_fx_tilt_speed&quot;:{&quot;unit&quot;:&quot;px&quot;,&quot;size&quot;:4,&quot;sizes&quot;:[]}}\" data-widget_type=\"countdown.default\">\n\t\t\t\t<div class=\"elementor-widget-container\">\n\t\t\t\t\t\t\t<div class=\"elementor-countdown-wrapper\" data-date=\"1740373140\">\n\t\t\t<div class=\"elementor-countdown-item\"><span class=\"elementor-countdown-digits elementor-countdown-days\"><\/span> <span class=\"elementor-countdown-label\">Days<\/span><\/div><div class=\"elementor-countdown-item\"><span class=\"elementor-countdown-digits elementor-countdown-hours\"><\/span> <span class=\"elementor-countdown-label\">Hours<\/span><\/div><div class=\"elementor-countdown-item\"><span class=\"elementor-countdown-digits elementor-countdown-minutes\"><\/span> <span class=\"elementor-countdown-label\">Minutes<\/span><\/div><div class=\"elementor-countdown-item\"><span class=\"elementor-countdown-digits elementor-countdown-seconds\"><\/span> <span class=\"elementor-countdown-label\">Seconds<\/span><\/div>\t\t<\/div>\n\t\t\t\t\t\t<\/div>\n\t\t\t\t<\/div>\n\t\t\t\t\t<\/div>\n\t\t\t\t<\/div>\n\t\t<div class=\"elementor-element elementor-element-403e227 e-flex e-con-boxed e-con e-parent\" data-id=\"403e227\" data-element_type=\"container\" data-e-type=\"container\">\n\t\t\t\t\t<div class=\"e-con-inner\">\n\t\t<div class=\"elementor-element elementor-element-ee615af e-con-full e-flex e-con e-child\" data-id=\"ee615af\" data-element_type=\"container\" data-e-type=\"container\">\n\t\t<div class=\"elementor-element elementor-element-ff7b0de e-con-full e-flex e-con e-child\" data-id=\"ff7b0de\" data-element_type=\"container\" data-e-type=\"container\">\n\t\t\t\t<div class=\"elementor-element elementor-element-ba473db elementor-widget elementor-widget-image\" data-id=\"ba473db\" data-element_type=\"widget\" data-e-type=\"widget\" data-widget_type=\"image.default\">\n\t\t\t\t<div class=\"elementor-widget-container\">\n\t\t\t\t\t\t\t\t\t\t\t\t\t\t\t\t<a href=\"https:\/\/menthorclass.com\/index.php\/product\/python-aplicado-a-la-ingenieria-estructural-modulo-ii\/\">\n\t\t\t\t\t\t\t<img fetchpriority=\"high\" decoding=\"async\" width=\"1024\" height=\"109\" src=\"https:\/\/menthorclass.com\/wp-content\/uploads\/2025\/01\/PORTADAS-PW-03-1024x109.png\" class=\"attachment-large size-large wp-image-2327\" alt=\"\" srcset=\"https:\/\/menthorclass.com\/wp-content\/uploads\/2025\/01\/PORTADAS-PW-03-1024x109.png 1024w, https:\/\/menthorclass.com\/wp-content\/uploads\/2025\/01\/PORTADAS-PW-03-300x32.png 300w, https:\/\/menthorclass.com\/wp-content\/uploads\/2025\/01\/PORTADAS-PW-03-768x82.png 768w, https:\/\/menthorclass.com\/wp-content\/uploads\/2025\/01\/PORTADAS-PW-03-1536x163.png 1536w, https:\/\/menthorclass.com\/wp-content\/uploads\/2025\/01\/PORTADAS-PW-03-2048x218.png 2048w, https:\/\/menthorclass.com\/wp-content\/uploads\/2025\/01\/PORTADAS-PW-03-600x64.png 600w\" sizes=\"(max-width: 1024px) 100vw, 1024px\" \/>\t\t\t\t\t\t\t\t<\/a>\n\t\t\t\t\t\t\t\t\t\t\t\t\t\t\t<\/div>\n\t\t\t\t<\/div>\n\t\t<div class=\"elementor-element elementor-element-b94843f e-con-full e-flex e-con e-child\" data-id=\"b94843f\" data-element_type=\"container\" data-e-type=\"container\">\n\t\t\t\t<div class=\"elementor-element elementor-element-4fee7c9 elementor-widget elementor-widget-heading\" data-id=\"4fee7c9\" data-element_type=\"widget\" data-e-type=\"widget\" data-widget_type=\"heading.default\">\n\t\t\t\t<div class=\"elementor-widget-container\">\n\t\t\t\t\t<h2 class=\"elementor-heading-title elementor-size-default\">Usa el cup\u00f3n: #prontopago<\/h2>\t\t\t\t<\/div>\n\t\t\t\t<\/div>\n\t\t\t\t<div class=\"elementor-element elementor-element-25b5d1a elementor-widget elementor-widget-text-editor\" data-id=\"25b5d1a\" data-element_type=\"widget\" data-e-type=\"widget\" data-widget_type=\"text-editor.default\">\n\t\t\t\t<div class=\"elementor-widget-container\">\n\t\t\t\t\t\t\t\t\t<p>Y obt\u00e9n el curso con descuento, adicionalmente hasta el 2 de febrero, si eres alumno nuevo, al adquirir el m\u00f3dulo 2, recibir\u00e1s el m\u00f3dulo 1 de regalo!!!<\/p>\t\t\t\t\t\t\t\t<\/div>\n\t\t\t\t<\/div>\n\t\t\t\t<div class=\"elementor-element elementor-element-6f1f720 elementor-widget elementor-widget-image\" data-id=\"6f1f720\" data-element_type=\"widget\" data-e-type=\"widget\" data-widget_type=\"image.default\">\n\t\t\t\t<div class=\"elementor-widget-container\">\n\t\t\t\t\t\t\t\t\t\t\t\t\t\t\t\t<a href=\"https:\/\/menthorclass.com\/index.php\/product\/python-aplicado-a-la-ingenieria-estructural-modulo-ii\/\">\n\t\t\t\t\t\t\t<img decoding=\"async\" width=\"1024\" height=\"1024\" src=\"https:\/\/menthorclass.com\/wp-content\/uploads\/2025\/01\/COMBO-ESTRU-1024x1024.png\" class=\"attachment-large size-large wp-image-2436\" alt=\"\" srcset=\"https:\/\/menthorclass.com\/wp-content\/uploads\/2025\/01\/COMBO-ESTRU-1024x1024.png 1024w, https:\/\/menthorclass.com\/wp-content\/uploads\/2025\/01\/COMBO-ESTRU-300x300.png 300w, https:\/\/menthorclass.com\/wp-content\/uploads\/2025\/01\/COMBO-ESTRU-150x150.png 150w, https:\/\/menthorclass.com\/wp-content\/uploads\/2025\/01\/COMBO-ESTRU-768x768.png 768w, https:\/\/menthorclass.com\/wp-content\/uploads\/2025\/01\/COMBO-ESTRU-1536x1536.png 1536w, https:\/\/menthorclass.com\/wp-content\/uploads\/2025\/01\/COMBO-ESTRU-2048x2048.png 2048w, https:\/\/menthorclass.com\/wp-content\/uploads\/2025\/01\/COMBO-ESTRU-600x600.png 600w, https:\/\/menthorclass.com\/wp-content\/uploads\/2025\/01\/COMBO-ESTRU-100x100.png 100w\" sizes=\"(max-width: 1024px) 100vw, 1024px\" \/>\t\t\t\t\t\t\t\t<\/a>\n\t\t\t\t\t\t\t\t\t\t\t\t\t\t\t<\/div>\n\t\t\t\t<\/div>\n\t\t\t\t<\/div>\n\t\t\t\t<\/div>\n\t\t\t\t<\/div>\n\t\t<div class=\"elementor-element elementor-element-61f9d39 e-con-full e-flex e-con e-child\" data-id=\"61f9d39\" data-element_type=\"container\" data-e-type=\"container\">\n\t\t<div class=\"elementor-element elementor-element-7e56db1 e-con-full e-flex e-con e-child\" data-id=\"7e56db1\" data-element_type=\"container\" data-e-type=\"container\">\n\t\t\t\t<div class=\"elementor-element elementor-element-bc6012c elementor-widget elementor-widget-image\" data-id=\"bc6012c\" data-element_type=\"widget\" data-e-type=\"widget\" data-widget_type=\"image.default\">\n\t\t\t\t<div class=\"elementor-widget-container\">\n\t\t\t\t\t\t\t\t\t\t\t\t\t\t\t\t<a href=\"https:\/\/menthorclass.com\/index.php\/product\/python-aplicado-a-la-ingenieria-estructural-modulo-ii\/\">\n\t\t\t\t\t\t\t<img decoding=\"async\" width=\"1024\" height=\"109\" src=\"https:\/\/menthorclass.com\/wp-content\/uploads\/2025\/01\/MENTHOR-FRANJA-1024x109.png\" class=\"attachment-large size-large wp-image-2415\" alt=\"\" srcset=\"https:\/\/menthorclass.com\/wp-content\/uploads\/2025\/01\/MENTHOR-FRANJA-1024x109.png 1024w, https:\/\/menthorclass.com\/wp-content\/uploads\/2025\/01\/MENTHOR-FRANJA-300x32.png 300w, https:\/\/menthorclass.com\/wp-content\/uploads\/2025\/01\/MENTHOR-FRANJA-768x82.png 768w, https:\/\/menthorclass.com\/wp-content\/uploads\/2025\/01\/MENTHOR-FRANJA-1536x163.png 1536w, https:\/\/menthorclass.com\/wp-content\/uploads\/2025\/01\/MENTHOR-FRANJA-2048x218.png 2048w, https:\/\/menthorclass.com\/wp-content\/uploads\/2025\/01\/MENTHOR-FRANJA-600x64.png 600w\" sizes=\"(max-width: 1024px) 100vw, 1024px\" \/>\t\t\t\t\t\t\t\t<\/a>\n\t\t\t\t\t\t\t\t\t\t\t\t\t\t\t<\/div>\n\t\t\t\t<\/div>\n\t\t<div class=\"elementor-element elementor-element-5e9edb3 e-con-full e-flex e-con e-child\" data-id=\"5e9edb3\" data-element_type=\"container\" data-e-type=\"container\">\n\t\t\t\t<div class=\"elementor-element elementor-element-d55c5e6 elementor-widget elementor-widget-heading\" data-id=\"d55c5e6\" data-element_type=\"widget\" data-e-type=\"widget\" data-widget_type=\"heading.default\">\n\t\t\t\t<div class=\"elementor-widget-container\">\n\t\t\t\t\t<h2 class=\"elementor-heading-title elementor-size-default\">Usa el cup\u00f3n: #geocursos<\/h2>\t\t\t\t<\/div>\n\t\t\t\t<\/div>\n\t\t\t\t<div class=\"elementor-element elementor-element-fe0afee elementor-widget elementor-widget-text-editor\" data-id=\"fe0afee\" data-element_type=\"widget\" data-e-type=\"widget\" data-widget_type=\"text-editor.default\">\n\t\t\t\t<div class=\"elementor-widget-container\">\n\t\t\t\t\t\t\t\t\t<p>Y obt\u00e9n el curso de tu elecci\u00f3n con descuento, adicionalmente hasta el 23 de febrero, si deseas ambos cursos, obt\u00e9n un descuento adicional!!! utilizando el cup\u00f3n #geotecnia<\/p>\t\t\t\t\t\t\t\t<\/div>\n\t\t\t\t<\/div>\n\t\t\t\t<div class=\"elementor-element elementor-element-0369f65 elementor-widget elementor-widget-image\" data-id=\"0369f65\" data-element_type=\"widget\" data-e-type=\"widget\" data-widget_type=\"image.default\">\n\t\t\t\t<div class=\"elementor-widget-container\">\n\t\t\t\t\t\t\t\t\t\t\t\t\t\t\t\t<a href=\"https:\/\/menthorclass.com\/index.php\/library\/\">\n\t\t\t\t\t\t\t<img loading=\"lazy\" decoding=\"async\" width=\"1024\" height=\"1024\" src=\"https:\/\/menthorclass.com\/wp-content\/uploads\/2025\/01\/COMBO-GEO-1024x1024.png\" class=\"attachment-large size-large wp-image-2437\" alt=\"\" srcset=\"https:\/\/menthorclass.com\/wp-content\/uploads\/2025\/01\/COMBO-GEO-1024x1024.png 1024w, https:\/\/menthorclass.com\/wp-content\/uploads\/2025\/01\/COMBO-GEO-300x300.png 300w, https:\/\/menthorclass.com\/wp-content\/uploads\/2025\/01\/COMBO-GEO-150x150.png 150w, https:\/\/menthorclass.com\/wp-content\/uploads\/2025\/01\/COMBO-GEO-768x768.png 768w, https:\/\/menthorclass.com\/wp-content\/uploads\/2025\/01\/COMBO-GEO-1536x1536.png 1536w, https:\/\/menthorclass.com\/wp-content\/uploads\/2025\/01\/COMBO-GEO-2048x2048.png 2048w, https:\/\/menthorclass.com\/wp-content\/uploads\/2025\/01\/COMBO-GEO-600x600.png 600w, https:\/\/menthorclass.com\/wp-content\/uploads\/2025\/01\/COMBO-GEO-100x100.png 100w\" sizes=\"(max-width: 1024px) 100vw, 1024px\" \/>\t\t\t\t\t\t\t\t<\/a>\n\t\t\t\t\t\t\t\t\t\t\t\t\t\t\t<\/div>\n\t\t\t\t<\/div>\n\t\t\t\t<\/div>\n\t\t\t\t<\/div>\n\t\t\t\t<\/div>\n\t\t\t\t\t<\/div>\n\t\t\t\t<\/div>\n\t\t<div class=\"elementor-element elementor-element-3de52fd e-flex e-con-boxed elementor-invisible e-con e-parent\" data-id=\"3de52fd\" data-element_type=\"container\" data-e-type=\"container\" data-settings=\"{&quot;background_background&quot;:&quot;classic&quot;,&quot;background_motion_fx_motion_fx_mouse&quot;:&quot;yes&quot;,&quot;background_motion_fx_mouseTrack_effect&quot;:&quot;yes&quot;,&quot;animation&quot;:&quot;fadeIn&quot;,&quot;background_motion_fx_mouseTrack_speed&quot;:{&quot;unit&quot;:&quot;px&quot;,&quot;size&quot;:1,&quot;sizes&quot;:[]}}\">\n\t\t\t\t\t<div class=\"e-con-inner\">\n\t\t\t\t<div class=\"elementor-element elementor-element-a6d5ec7 elementor-widget elementor-widget-heading\" data-id=\"a6d5ec7\" data-element_type=\"widget\" data-e-type=\"widget\" data-widget_type=\"heading.default\">\n\t\t\t\t<div class=\"elementor-widget-container\">\n\t\t\t\t\t<h2 class=\"elementor-heading-title elementor-size-default\">Bienvenido<\/h2>\t\t\t\t<\/div>\n\t\t\t\t<\/div>\n\t\t\t\t<div class=\"elementor-element elementor-element-9015d21 elementor-widget elementor-widget-heading\" data-id=\"9015d21\" data-element_type=\"widget\" data-e-type=\"widget\" data-widget_type=\"heading.default\">\n\t\t\t\t<div class=\"elementor-widget-container\">\n\t\t\t\t\t<h2 class=\"elementor-heading-title elementor-size-default\">Encuentra los Cursos, talleres y seminarios que estabas buscando!!\n\n<br><br><br><br><br><br><br><br><br><\/h2>\t\t\t\t<\/div>\n\t\t\t\t<\/div>\n\t\t\t\t\t<\/div>\n\t\t\t\t<\/div>\n\t\t<div class=\"elementor-element elementor-element-219a7eb e-flex e-con-boxed elementor-invisible e-con e-parent\" data-id=\"219a7eb\" data-element_type=\"container\" data-e-type=\"container\" data-settings=\"{&quot;animation&quot;:&quot;fadeInLeft&quot;}\">\n\t\t\t\t\t<div class=\"e-con-inner\">\n\t\t<div class=\"elementor-element elementor-element-ecf8e5d e-con-full e-flex e-con e-child\" data-id=\"ecf8e5d\" data-element_type=\"container\" data-e-type=\"container\">\n\t\t\t\t<div class=\"elementor-element elementor-element-249a516 elementor-widget elementor-widget-video\" data-id=\"249a516\" data-element_type=\"widget\" data-e-type=\"widget\" data-settings=\"{&quot;youtube_url&quot;:&quot;https:\\\/\\\/youtu.be\\\/G4HpDoCGsds&quot;,&quot;video_type&quot;:&quot;youtube&quot;,&quot;controls&quot;:&quot;yes&quot;}\" data-widget_type=\"video.default\">\n\t\t\t\t<div class=\"elementor-widget-container\">\n\t\t\t\t\t\t\t<div class=\"elementor-wrapper elementor-open-inline\">\n\t\t\t<div class=\"elementor-video\"><\/div>\t\t<\/div>\n\t\t\t\t\t\t<\/div>\n\t\t\t\t<\/div>\n\t\t\t\t<div class=\"elementor-element elementor-element-312014a elementor-widget elementor-widget-button\" data-id=\"312014a\" data-element_type=\"widget\" data-e-type=\"widget\" data-widget_type=\"button.default\">\n\t\t\t\t<div class=\"elementor-widget-container\">\n\t\t\t\t\t\t\t\t\t<div class=\"elementor-button-wrapper\">\n\t\t\t\t\t<a class=\"elementor-button elementor-button-link elementor-size-sm\" href=\"https:\/\/menthorclass.com\/index.php\/shop\/\">\n\t\t\t\t\t\t<span class=\"elementor-button-content-wrapper\">\n\t\t\t\t\t\t\t\t\t<span class=\"elementor-button-text\">Explora nuestros programas<\/span>\n\t\t\t\t\t<\/span>\n\t\t\t\t\t<\/a>\n\t\t\t\t<\/div>\n\t\t\t\t\t\t\t\t<\/div>\n\t\t\t\t<\/div>\n\t\t\t\t<\/div>\n\t\t<div class=\"elementor-element elementor-element-59d61b2 e-con-full e-flex e-con e-child\" data-id=\"59d61b2\" data-element_type=\"container\" data-e-type=\"container\">\n\t\t\t\t<div class=\"elementor-element elementor-element-a18cac7 elementor-widget elementor-widget-image\" data-id=\"a18cac7\" data-element_type=\"widget\" data-e-type=\"widget\" data-widget_type=\"image.default\">\n\t\t\t\t<div class=\"elementor-widget-container\">\n\t\t\t\t\t\t\t\t\t\t\t\t\t\t\t<img loading=\"lazy\" decoding=\"async\" width=\"1024\" height=\"385\" src=\"https:\/\/menthorclass.com\/wp-content\/uploads\/2024\/01\/LOGO-MENTHOR-01-1024x385.png\" class=\"attachment-large size-large wp-image-76\" alt=\"\" srcset=\"https:\/\/menthorclass.com\/wp-content\/uploads\/2024\/01\/LOGO-MENTHOR-01-1024x385.png 1024w, https:\/\/menthorclass.com\/wp-content\/uploads\/2024\/01\/LOGO-MENTHOR-01-300x113.png 300w, https:\/\/menthorclass.com\/wp-content\/uploads\/2024\/01\/LOGO-MENTHOR-01-768x289.png 768w, https:\/\/menthorclass.com\/wp-content\/uploads\/2024\/01\/LOGO-MENTHOR-01-1536x578.png 1536w, https:\/\/menthorclass.com\/wp-content\/uploads\/2024\/01\/LOGO-MENTHOR-01-1080x406.png 1080w, https:\/\/menthorclass.com\/wp-content\/uploads\/2024\/01\/LOGO-MENTHOR-01-1280x482.png 1280w, https:\/\/menthorclass.com\/wp-content\/uploads\/2024\/01\/LOGO-MENTHOR-01-980x369.png 980w, https:\/\/menthorclass.com\/wp-content\/uploads\/2024\/01\/LOGO-MENTHOR-01-480x181.png 480w, https:\/\/menthorclass.com\/wp-content\/uploads\/2024\/01\/LOGO-MENTHOR-01-600x226.png 600w, https:\/\/menthorclass.com\/wp-content\/uploads\/2024\/01\/LOGO-MENTHOR-01.png 1813w\" sizes=\"(max-width: 1024px) 100vw, 1024px\" \/>\t\t\t\t\t\t\t\t\t\t\t\t\t\t\t<\/div>\n\t\t\t\t<\/div>\n\t\t\t\t<\/div>\n\t\t\t\t\t<\/div>\n\t\t\t\t<\/div>\n\t\t<div class=\"elementor-element elementor-element-c726fc2 e-flex e-con-boxed e-con e-parent\" data-id=\"c726fc2\" data-element_type=\"container\" data-e-type=\"container\">\n\t\t\t\t\t<div class=\"e-con-inner\">\n\t\t<div class=\"elementor-element elementor-element-89ec04a e-con-full e-flex e-con e-child\" data-id=\"89ec04a\" data-element_type=\"container\" data-e-type=\"container\">\n\t\t\t\t<\/div>\n\t\t<div class=\"elementor-element elementor-element-d839ef2 e-con-full e-flex e-con e-child\" data-id=\"d839ef2\" data-element_type=\"container\" data-e-type=\"container\">\n\t\t\t\t<\/div>\n\t\t<div class=\"elementor-element elementor-element-a66dabe e-con-full e-flex e-con e-child\" data-id=\"a66dabe\" data-element_type=\"container\" data-e-type=\"container\">\n\t\t\t\t<\/div>\n\t\t<div class=\"elementor-element elementor-element-2c73a6a e-con-full e-flex e-con e-child\" data-id=\"2c73a6a\" data-element_type=\"container\" data-e-type=\"container\">\n\t\t\t\t<\/div>\n\t\t\t\t\t<\/div>\n\t\t\t\t<\/div>\n\t\t\t\t<\/div>\n\t\t","protected":false},"excerpt":{"rendered":"<p>Aprovecha los descuentos de preventa Days Hours Minutes Seconds Usa el cup\u00f3n: #prontopago Y obt\u00e9n el curso con descuento, adicionalmente [&hellip;]<\/p>\n","protected":false},"author":1,"featured_media":152,"parent":0,"menu_order":0,"comment_status":"closed","ping_status":"closed","template":"elementor_header_footer","meta":{"_acf_changed":false,"site-sidebar-layout":"no-sidebar","site-content-layout":"","ast-site-content-layout":"full-width-container","site-content-style":"default","site-sidebar-style":"default","ast-global-header-display":"","ast-banner-title-visibility":"","ast-main-header-display":"","ast-hfb-above-header-display":"","ast-hfb-below-header-display":"","ast-hfb-mobile-header-display":"","site-post-title":"disabled","ast-breadcrumbs-content":"","ast-featured-img":"disabled","footer-sml-layout":"","theme-transparent-header-meta":"","adv-header-id-meta":"","stick-header-meta":"","header-above-stick-meta":"","header-main-stick-meta":"","header-below-stick-meta":"","astra-migrate-meta-layouts":"default","ast-page-background-enabled":"default","ast-page-background-meta":{"desktop":{"background-color":"var(--ast-global-color-4)","background-image":"","background-repeat":"repeat","background-position":"center center","background-size":"auto","background-attachment":"scroll","background-type":"","background-media":"","overlay-type":"","overlay-color":"","overlay-gradient":""},"tablet":{"background-color":"","background-image":"","background-repeat":"repeat","background-position":"center center","background-size":"auto","background-attachment":"scroll","background-type":"","background-media":"","overlay-type":"","overlay-color":"","overlay-gradient":""},"mobile":{"background-color":"","background-image":"","background-repeat":"repeat","background-position":"center center","background-size":"auto","background-attachment":"scroll","background-type":"","background-media":"","overlay-type":"","overlay-color":"","overlay-gradient":""}},"ast-content-background-meta":{"desktop":{"background-color":"var(--ast-global-color-5)","background-image":"","background-repeat":"repeat","background-position":"center center","background-size":"auto","background-attachment":"scroll","background-type":"","background-media":"","overlay-type":"","overlay-color":"","overlay-gradient":""},"tablet":{"background-color":"var(--ast-global-color-5)","background-image":"","background-repeat":"repeat","background-position":"center center","background-size":"auto","background-attachment":"scroll","background-type":"","background-media":"","overlay-type":"","overlay-color":"","overlay-gradient":""},"mobile":{"background-color":"var(--ast-global-color-5)","background-image":"","background-repeat":"repeat","background-position":"center center","background-size":"auto","background-attachment":"scroll","background-type":"","background-media":"","overlay-type":"","overlay-color":"","overlay-gradient":""}},"_joinchat":[],"footnotes":""},"class_list":["post-126","page","type-page","status-publish","has-post-thumbnail","hentry"],"acf":[],"_links":{"self":[{"href":"https:\/\/menthorclass.com\/index.php\/wp-json\/wp\/v2\/pages\/126","targetHints":{"allow":["GET"]}}],"collection":[{"href":"https:\/\/menthorclass.com\/index.php\/wp-json\/wp\/v2\/pages"}],"about":[{"href":"https:\/\/menthorclass.com\/index.php\/wp-json\/wp\/v2\/types\/page"}],"author":[{"embeddable":true,"href":"https:\/\/menthorclass.com\/index.php\/wp-json\/wp\/v2\/users\/1"}],"replies":[{"embeddable":true,"href":"https:\/\/menthorclass.com\/index.php\/wp-json\/wp\/v2\/comments?post=126"}],"version-history":[{"count":102,"href":"https:\/\/menthorclass.com\/index.php\/wp-json\/wp\/v2\/pages\/126\/revisions"}],"predecessor-version":[{"id":2540,"href":"https:\/\/menthorclass.com\/index.php\/wp-json\/wp\/v2\/pages\/126\/revisions\/2540"}],"wp:featuredmedia":[{"embeddable":true,"href":"https:\/\/menthorclass.com\/index.php\/wp-json\/wp\/v2\/media\/152"}],"wp:attachment":[{"href":"https:\/\/menthorclass.com\/index.php\/wp-json\/wp\/v2\/media?parent=126"}],"curies":[{"name":"wp","href":"https:\/\/api.w.org\/{rel}","templated":true}]}}